{"id":5212,"date":"2021-08-25T07:26:28","date_gmt":"2021-08-25T07:26:28","guid":{"rendered":"http:\/\/dummy.xtemos.com\/woodmart2\/?page_id=5212"},"modified":"2024-11-08T07:53:27","modified_gmt":"2024-11-08T07:53:27","slug":"hakkimizda","status":"publish","type":"page","link":"https:\/\/atakumvinc.com\/index.php\/hakkimizda\/","title":{"rendered":"Hakk\u0131m\u0131zda"},"content":{"rendered":"<div class=\"wpb-content-wrapper\"><p>[vc_row full_width=&#8221;stretch_row&#8221; content_placement=&#8221;middle&#8221; css=&#8221;.vc_custom_1731052404922{margin-top: -50px !important;margin-right: -10px !important;margin-bottom: -50px !important;margin-left: -10px !important;padding-top: 50px !important;padding-bottom: 50px !important;background-color: #f9f9f9 !important;}&#8221; mobile_bg_img_hidden=&#8221;no&#8221; tablet_bg_img_hidden=&#8221;no&#8221; woodmart_parallax=&#8221;0&#8243; woodmart_gradient_switch=&#8221;no&#8221; row_reverse_mobile=&#8221;0&#8243; row_reverse_tablet=&#8221;0&#8243; woodmart_disable_overflow=&#8221;0&#8243; wd_z_index=&#8221;no&#8221; woodmart_css_id=&#8221;672dc36f7397b&#8221; responsive_spacing=&#8221;eyJwYXJhbV90eXBlIjoid29vZG1hcnRfcmVzcG9uc2l2ZV9zcGFjaW5nIiwic2VsZWN0b3JfaWQiOiI2NzJkYzM2ZjczOTdiIiwic2hvcnRjb2RlIjoidmNfcm93IiwiZGF0YSI6eyJ0YWJsZXQiOnsibWFyZ2luLWJvdHRvbSI6IjYwcHgiLCJwYWRkaW5nLXRvcCI6IjkwcHgiLCJwYWRkaW5nLWJvdHRvbSI6IjYwcHgifSwibW9iaWxlIjp7Im1hcmdpbi1ib3R0b20iOiI0MHB4IiwicGFkZGluZy10b3AiOiI2MHB4IiwicGFkZGluZy1ib3R0b20iOiIyMHB4In19fQ==&#8221; woodmart_box_shadow=&#8221;no&#8221;][vc_column css=&#8221;.vc_custom_1661259488899{margin-bottom: 40px !important;padding-top: 0px !important;padding-right: 10px !important;padding-left: 10px !important;}&#8221; mobile_bg_img_hidden=&#8221;no&#8221; tablet_bg_img_hidden=&#8221;no&#8221; woodmart_parallax=&#8221;0&#8243; woodmart_sticky_column=&#8221;false&#8221; parallax_scroll=&#8221;no&#8221; mobile_reset_margin=&#8221;no&#8221; tablet_reset_margin=&#8221;no&#8221; offset=&#8221;vc_col-lg-6 vc_col-md-6 vc_col-xs-12&#8243; wd_z_index=&#8221;no&#8221; woodmart_css_id=&#8221;6304cedc2f301&#8243; responsive_spacing=&#8221;eyJwYXJhbV90eXBlIjoid29vZG1hcnRfcmVzcG9uc2l2ZV9zcGFjaW5nIiwic2VsZWN0b3JfaWQiOiI2MzA0Y2VkYzJmMzAxIiwic2hvcnRjb2RlIjoidmNfY29sdW1uIiwiZGF0YSI6eyJ0YWJsZXQiOnsibWFyZ2luLWJvdHRvbSI6IjMwcHgifSwibW9iaWxlIjp7fX19&#8243; wd_collapsible_content_switcher=&#8221;no&#8221; wd_column_role_offcanvas_desktop=&#8221;no&#8221; wd_column_role_offcanvas_tablet=&#8221;no&#8221; wd_column_role_offcanvas_mobile=&#8221;no&#8221; wd_column_role_content_desktop=&#8221;no&#8221; wd_column_role_content_tablet=&#8221;no&#8221; wd_column_role_content_mobile=&#8221;no&#8221; woodmart_box_shadow=&#8221;no&#8221;]\t\t\t<link rel=\"stylesheet\" id=\"wd-section-title-css\" href=\"https:\/\/atakumvinc.com\/wp-content\/themes\/woodmart\/css\/parts\/el-section-title.min.css?ver=7.4.3\" type=\"text\/css\" media=\"all\" \/> \t\t\t\t\t\t<link rel=\"stylesheet\" id=\"wd-mod-highlighted-text-css\" href=\"https:\/\/atakumvinc.com\/wp-content\/themes\/woodmart\/css\/parts\/mod-highlighted-text.min.css?ver=7.4.3\" type=\"text\/css\" media=\"all\" \/> \t\t\t\n\t\t<div id=\"wd-672cb4ce570ea\" class=\"title-wrapper wd-wpb set-mb-s reset-last-child  wd-rs-672cb4ce570ea wd-title-color-primary wd-title-style-default text-left vc_custom_1730983124782 wd-width-custom wd-underline-colored\">\n\t\t\t\t\t\t\t<div class=\"title-subtitle  subtitle-color-primary font-alt subtitle-style-default wd-font-weight-600 wd-fontsize-m\">Atakum Vin\u00e7 Kiralama<\/div>\n\t\t\t\n\t\t\t<div class=\"liner-continer\">\n\t\t\t\t<h4 class=\"woodmart-title-container title  wd-font-weight- wd-fontsize-xxxl\" >G\u00fcvenilir Kiralama Hizmetleri<\/h4>\n\t\t\t\t\t\t\t<\/div>\n\t\t\t\n\t\t\t\t\t\t\t<div class=\"title-after_title  set-cont-mb-s reset-last-child  wd-fontsize-s\">Firmam\u0131z, Atakum b\u00f6lgesinde y\u00fcksek kaliteli ve g\u00fcvenilir mobil vin\u00e7, sepetli platform, makasl\u0131 platform, forklift ve manlift kiralama hizmetleri sunmaktad\u0131r. \u0130n\u015faat, ta\u015f\u0131mac\u0131l\u0131k ve a\u011f\u0131r y\u00fck kald\u0131rma gibi farkl\u0131 sekt\u00f6rlerde hizmet veren firmam\u0131z, m\u00fc\u015fteri memnuniyetini \u00f6n planda tutarak, h\u0131zl\u0131 ve etkili \u00e7\u00f6z\u00fcmler sunmaktad\u0131r. Deneyimli ekibimiz ve modern ekipmanlar\u0131m\u0131zla, t\u00fcm projelerinizi g\u00fcvenle ve zaman\u0131nda tamamlaman\u0131za yard\u0131mc\u0131 olmaktan gurur duyar\u0131z. Sizi de hizmetlerimizle tan\u0131\u015ft\u0131rmak i\u00e7in her zaman haz\u0131r\u0131z!<\/div>\n\t\t\t\n\t\t\t\n\t\t<\/div>\n\t\t\n\t\t[\/vc_column][vc_column width=&#8221;1\/2&#8243; css=&#8221;.vc_custom_1661259551735{padding-top: 30px !important;padding-right: 10px !important;padding-left: 10px !important;}&#8221; mobile_bg_img_hidden=&#8221;no&#8221; tablet_bg_img_hidden=&#8221;no&#8221; woodmart_parallax=&#8221;0&#8243; woodmart_sticky_column=&#8221;false&#8221; parallax_scroll=&#8221;no&#8221; mobile_reset_margin=&#8221;no&#8221; tablet_reset_margin=&#8221;no&#8221; offset=&#8221;vc_col-lg-3 vc_col-md-3 vc_col-xs-12 vc_hidden-xs&#8221; wd_z_index=&#8221;no&#8221; woodmart_css_id=&#8221;6304cf1b0e4a9&#8243; responsive_spacing=&#8221;eyJwYXJhbV90eXBlIjoid29vZG1hcnRfcmVzcG9uc2l2ZV9zcGFjaW5nIiwic2VsZWN0b3JfaWQiOiI2MzA0Y2YxYjBlNGE5Iiwic2hvcnRjb2RlIjoidmNfY29sdW1uIiwiZGF0YSI6eyJ0YWJsZXQiOnsicGFkZGluZy10b3AiOiIwcHgifSwibW9iaWxlIjp7fX19&#8243; wd_collapsible_content_switcher=&#8221;no&#8221; wd_column_role_offcanvas_desktop=&#8221;no&#8221; wd_column_role_offcanvas_tablet=&#8221;no&#8221; wd_column_role_offcanvas_mobile=&#8221;no&#8221; wd_column_role_content_desktop=&#8221;no&#8221; wd_column_role_content_tablet=&#8221;no&#8221; wd_column_role_content_mobile=&#8221;no&#8221; woodmart_box_shadow=&#8221;no&#8221;]\t\t<div id=\"wd-672ccd8268667\" class=\"wd-image wd-wpb wd-rs-672ccd8268667 text-left vc_custom_1730989939872\">\n\t\t\t\n\t\t\t<img loading=\"lazy\" decoding=\"async\" width=\"398\" height=\"270\" src=\"https:\/\/atakumvinc.com\/wp-content\/uploads\/2024\/11\/2-1.png\" class=\"attachment-full size-full\" alt=\"\" srcset=\"https:\/\/atakumvinc.com\/wp-content\/uploads\/2024\/11\/2-1.png 398w, https:\/\/atakumvinc.com\/wp-content\/uploads\/2024\/11\/2-1-150x102.png 150w\" sizes=\"auto, (max-width: 398px) 100vw, 398px\" \/>\n\t\t\t\t\t<\/div>\n\t\t\t\t<div id=\"wd-672ccdff52c41\" class=\"wd-image wd-wpb wd-rs-672ccdff52c41 text-left vc_custom_1730989977498\">\n\t\t\t\n\t\t\t<img loading=\"lazy\" decoding=\"async\" width=\"398\" height=\"420\" src=\"https:\/\/atakumvinc.com\/wp-content\/uploads\/2024\/11\/1-2.png\" class=\"attachment-full size-full\" alt=\"\" srcset=\"https:\/\/atakumvinc.com\/wp-content\/uploads\/2024\/11\/1-2.png 398w, https:\/\/atakumvinc.com\/wp-content\/uploads\/2024\/11\/1-2-284x300.png 284w, https:\/\/atakumvinc.com\/wp-content\/uploads\/2024\/11\/1-2-150x158.png 150w\" sizes=\"auto, (max-width: 398px) 100vw, 398px\" \/>\n\t\t\t\t\t<\/div>\n\t\t[\/vc_column][vc_column width=&#8221;1\/2&#8243; css=&#8221;.vc_custom_1662557246860{margin-bottom: 40px !important;padding-top: 0px !important;padding-right: 10px !important;padding-left: 10px !important;}&#8221; mobile_bg_img_hidden=&#8221;no&#8221; tablet_bg_img_hidden=&#8221;no&#8221; woodmart_parallax=&#8221;0&#8243; woodmart_sticky_column=&#8221;false&#8221; parallax_scroll=&#8221;no&#8221; mobile_reset_margin=&#8221;no&#8221; tablet_reset_margin=&#8221;no&#8221; offset=&#8221;vc_col-lg-3 vc_col-md-3 vc_col-xs-12&#8243; wd_z_index=&#8221;no&#8221; woodmart_css_id=&#8221;63189c34b5949&#8243; responsive_spacing=&#8221;eyJwYXJhbV90eXBlIjoid29vZG1hcnRfcmVzcG9uc2l2ZV9zcGFjaW5nIiwic2VsZWN0b3JfaWQiOiI2MzE4OWMzNGI1OTQ5Iiwic2hvcnRjb2RlIjoidmNfY29sdW1uIiwiZGF0YSI6eyJ0YWJsZXQiOnsibWFyZ2luLWJvdHRvbSI6IjBweCIsInBhZGRpbmctdG9wIjoiMzBweCJ9LCJtb2JpbGUiOnsicGFkZGluZy10b3AiOiIwIn19fQ==&#8221; wd_collapsible_content_switcher=&#8221;no&#8221; wd_column_role_offcanvas_desktop=&#8221;no&#8221; wd_column_role_offcanvas_tablet=&#8221;no&#8221; wd_column_role_offcanvas_mobile=&#8221;no&#8221; wd_column_role_content_desktop=&#8221;no&#8221; wd_column_role_content_tablet=&#8221;no&#8221; wd_column_role_content_mobile=&#8221;no&#8221; woodmart_box_shadow=&#8221;no&#8221;]\t\t<div id=\"wd-672ccfe433399\" class=\"wd-image wd-wpb wd-rs-672ccfe433399 text-left vc_custom_1730990056621\">\n\t\t\t\n\t\t\t<img loading=\"lazy\" decoding=\"async\" width=\"398\" height=\"420\" src=\"https:\/\/atakumvinc.com\/wp-content\/uploads\/2024\/11\/2-2.png\" class=\"attachment-full size-full\" alt=\"\" srcset=\"https:\/\/atakumvinc.com\/wp-content\/uploads\/2024\/11\/2-2.png 398w, https:\/\/atakumvinc.com\/wp-content\/uploads\/2024\/11\/2-2-284x300.png 284w, https:\/\/atakumvinc.com\/wp-content\/uploads\/2024\/11\/2-2-150x158.png 150w\" sizes=\"auto, (max-width: 398px) 100vw, 398px\" \/>\n\t\t\t\t\t<\/div>\n\t\t\t\t<div id=\"wd-672cce5ae79c9\" class=\"wd-image wd-wpb wd-rs-672cce5ae79c9 text-left \">\n\t\t\t\n\t\t\t<img loading=\"lazy\" decoding=\"async\" width=\"398\" height=\"270\" src=\"https:\/\/atakumvinc.com\/wp-content\/uploads\/2024\/11\/1-1.png\" class=\"attachment-full size-full\" alt=\"\" srcset=\"https:\/\/atakumvinc.com\/wp-content\/uploads\/2024\/11\/1-1.png 398w, https:\/\/atakumvinc.com\/wp-content\/uploads\/2024\/11\/1-1-150x102.png 150w\" sizes=\"auto, (max-width: 398px) 100vw, 398px\" \/>\n\t\t\t\t\t<\/div>\n\t\t[\/vc_column][\/vc_row]<\/p>\n<\/div>","protected":false},"excerpt":{"rendered":"<p>[vc_row full_width=&#8221;stretch_row&#8221; content_placement=&#8221;middle&#8221; css=&#8221;.vc_custom_1731052404922{margin-top: -50px !important;margin-right: -10px !important;margin-bottom: -50px !important;margin-left: -10px !important;padding-top: 50px !important;padding-bottom: 50px !important;background-color: #f9f9f9 !important;}&#8221; mobile_bg_img_hidden=&#8221;no&#8221; tablet_bg_img_hidden=&#8221;no&#8221;<\/p>\n","protected":false},"author":1,"featured_media":0,"parent":0,"menu_order":0,"comment_status":"closed","ping_status":"closed","template":"","meta":{"footnotes":""},"class_list":["post-5212","page","type-page","status-publish","hentry"],"_links":{"self":[{"href":"https:\/\/atakumvinc.com\/index.php\/wp-json\/wp\/v2\/pages\/5212","targetHints":{"allow":["GET"]}}],"collection":[{"href":"https:\/\/atakumvinc.com\/index.php\/wp-json\/wp\/v2\/pages"}],"about":[{"href":"https:\/\/atakumvinc.com\/index.php\/wp-json\/wp\/v2\/types\/page"}],"author":[{"embeddable":true,"href":"https:\/\/atakumvinc.com\/index.php\/wp-json\/wp\/v2\/users\/1"}],"replies":[{"embeddable":true,"href":"https:\/\/atakumvinc.com\/index.php\/wp-json\/wp\/v2\/comments?post=5212"}],"version-history":[{"count":7,"href":"https:\/\/atakumvinc.com\/index.php\/wp-json\/wp\/v2\/pages\/5212\/revisions"}],"predecessor-version":[{"id":9614,"href":"https:\/\/atakumvinc.com\/index.php\/wp-json\/wp\/v2\/pages\/5212\/revisions\/9614"}],"wp:attachment":[{"href":"https:\/\/atakumvinc.com\/index.php\/wp-json\/wp\/v2\/media?parent=5212"}],"curies":[{"name":"wp","href":"https:\/\/api.w.org\/{rel}","templated":true}]}}