{"id":9659,"date":"2024-11-08T08:59:08","date_gmt":"2024-11-08T08:59:08","guid":{"rendered":"https:\/\/atakumvinc.com\/?page_id=9659"},"modified":"2024-11-08T09:09:29","modified_gmt":"2024-11-08T09:09:29","slug":"sepetli-platform-kiralama","status":"publish","type":"page","link":"https:\/\/atakumvinc.com\/index.php\/sepetli-platform-kiralama\/","title":{"rendered":"Sepetli Platform Kiralama"},"content":{"rendered":"<div class=\"wpb-content-wrapper\"><p>[vc_row css=&#8221;.vc_custom_1731056240995{margin-top: -20px !important;}&#8221; woodmart_css_id=&#8221;672dd26c0a0dc&#8221; responsive_spacing=&#8221;eyJwYXJhbV90eXBlIjoid29vZG1hcnRfcmVzcG9uc2l2ZV9zcGFjaW5nIiwic2VsZWN0b3JfaWQiOiI2NzJkZDI2YzBhMGRjIiwic2hvcnRjb2RlIjoidmNfcm93IiwiZGF0YSI6eyJ0YWJsZXQiOnt9LCJtb2JpbGUiOnt9fX0=&#8221; mobile_bg_img_hidden=&#8221;no&#8221; tablet_bg_img_hidden=&#8221;no&#8221; woodmart_parallax=&#8221;0&#8243; woodmart_gradient_switch=&#8221;no&#8221; woodmart_box_shadow=&#8221;no&#8221; wd_z_index=&#8221;no&#8221; woodmart_disable_overflow=&#8221;0&#8243; row_reverse_mobile=&#8221;0&#8243; row_reverse_tablet=&#8221;0&#8243;][vc_column][vc_column_text]<span style=\"vertical-align: inherit;\">[\/vc_column_text]\t\t\t<link rel=\"stylesheet\" id=\"wd-section-title-css\" href=\"https:\/\/atakumvinc.com\/wp-content\/themes\/woodmart\/css\/parts\/el-section-title.min.css?ver=7.4.3\" type=\"text\/css\" media=\"all\" \/> \t\t\t\t\t\t<link rel=\"stylesheet\" id=\"wd-mod-highlighted-text-css\" href=\"https:\/\/atakumvinc.com\/wp-content\/themes\/woodmart\/css\/parts\/mod-highlighted-text.min.css?ver=7.4.3\" type=\"text\/css\" media=\"all\" \/> \t\t\t\n\t\t<div id=\"wd-672dd47aaa157\" class=\"title-wrapper wd-wpb set-mb-s reset-last-child  wd-rs-672dd47aaa157 wd-title-color-default wd-title-style-default text-center  wd-underline-colored\">\n\t\t\t\t\t\t\t<div class=\"title-subtitle  subtitle-color-default font-default subtitle-style-default wd-font-weight- wd-fontsize-xs\">Samsun Atakum\u2019da Profesyonel Vin\u00e7 Kiralama<\/div>\n\t\t\t\n\t\t\t<div class=\"liner-continer\">\n\t\t\t\t<h4 class=\"woodmart-title-container title  wd-font-weight- wd-fontsize-l\" >Sepetli Platform Kiralama<\/h4>\n\t\t\t\t\t\t\t<\/div>\n\t\t\t\n\t\t\t\t\t\t\t<div class=\"title-after_title  set-cont-mb-s reset-last-child  wd-fontsize-xs\">Atakum, Samsun\u2019da vin\u00e7, sepetli platform, makasl\u0131 platform, forklift ve manlift kiralama hizmetlerimizle projelerinizin g\u00fcc\u00fcne g\u00fc\u00e7 kat\u0131yoruz. Y\u00fcksek kalite ve g\u00fcvenli\u011fi \u00f6n planda tutarak, t\u00fcm platform ihtiya\u00e7lar\u0131n\u0131za en uygun \u00e7\u00f6z\u00fcmleri sunuyoruz.<\/div>\n\t\t\t\n\t\t\t\n\t\t<\/div>\n\t\t\n\t\t[\/vc_column][\/vc_row][vc_row][vc_column][vc_single_image image=&#8221;9674&#8243; img_size=&#8221;full&#8221; alignment=&#8221;center&#8221; style=&#8221;vc_box_shadow_3d&#8221; css=&#8221;&#8221; parallax_scroll=&#8221;hay\u0131r&#8221; woodmart_inline=&#8221;hay\u0131r&#8221;][\/vc_column][\/vc_row][vc_row][vc_column][vc_column_text]<\/span>[\/vc_column_text][vc_column_text css=&#8221;&#8221; woodmart_inline=&#8221;no&#8221; text_larger=&#8221;no&#8221;]Samsun Atakum\u2019da sundu\u011fumuz sepetli platform kiralama hizmetimiz, \u00f6zellikle Kirazl\u0131k Organize Sanayi B\u00f6lgesi\u2019ndeki y\u00fcksek \u00e7al\u0131\u015fma alanlar\u0131na g\u00fcvenle ula\u015fmak isteyen i\u015fletmelere y\u00f6neliktir. Sepetli platformlar\u0131m\u0131z, bak\u0131m ve onar\u0131m, temizlik, montaj ve in\u015faat projelerinde kullan\u0131c\u0131 g\u00fcvenli\u011fini \u00f6n planda tutarak y\u00fcksek verimlilik sa\u011flar. Y\u00fcksek noktalara eri\u015fim gerektiren i\u015flerde i\u015f g\u00fcvenli\u011fi ve konforu bir araya getiriyor, i\u015f s\u00fcrecinizi kolayla\u015ft\u0131r\u0131yoruz.<\/p>\n<p>Her biri bak\u0131ml\u0131 ve g\u00fcvenilir donan\u0131mlarla donat\u0131lm\u0131\u015f sepetli platformlar\u0131m\u0131z, i\u015f s\u00fcrecinizi h\u0131zland\u0131rarak g\u00fcvenli \u00e7al\u0131\u015fma ortam\u0131 sunar. Teknik ekibimiz, i\u015f s\u00fcre\u00e7lerinizi daha g\u00fcvenli hale getirmek i\u00e7in tam destek sunar ve m\u00fc\u015fteri memnuniyetini her zaman \u00f6n planda tutar.[\/vc_column_text][\/vc_column][\/vc_row]<\/p>\n<\/div>","protected":false},"excerpt":{"rendered":"<p>[vc_row css=&#8221;.vc_custom_1731056240995{margin-top: -20px !important;}&#8221; woodmart_css_id=&#8221;672dd26c0a0dc&#8221; responsive_spacing=&#8221;eyJwYXJhbV90eXBlIjoid29vZG1hcnRfcmVzcG9uc2l2ZV9zcGFjaW5nIiwic2VsZWN0b3JfaWQiOiI2NzJkZDI2YzBhMGRjIiwic2hvcnRjb2RlIjoidmNfcm93IiwiZGF0YSI6eyJ0YWJsZXQiOnt9LCJtb2JpbGUiOnt9fX0=&#8221; mobile_bg_img_hidden=&#8221;no&#8221; tablet_bg_img_hidden=&#8221;no&#8221; woodmart_parallax=&#8221;0&#8243; woodmart_gradient_switch=&#8221;no&#8221; woodmart_box_shadow=&#8221;no&#8221; wd_z_index=&#8221;no&#8221; woodmart_disable_overflow=&#8221;0&#8243; row_reverse_mobile=&#8221;0&#8243; row_reverse_tablet=&#8221;0&#8243;][vc_column][vc_column_text][\/vc_column_text][\/vc_column][\/vc_row][vc_row][vc_column][vc_single_image image=&#8221;9674&#8243; img_size=&#8221;full&#8221; alignment=&#8221;center&#8221; style=&#8221;vc_box_shadow_3d&#8221; css=&#8221;&#8221;<\/p>\n","protected":false},"author":1,"featured_media":0,"parent":0,"menu_order":0,"comment_status":"closed","ping_status":"closed","template":"","meta":{"footnotes":""},"class_list":["post-9659","page","type-page","status-publish","hentry"],"_links":{"self":[{"href":"https:\/\/atakumvinc.com\/index.php\/wp-json\/wp\/v2\/pages\/9659","targetHints":{"allow":["GET"]}}],"collection":[{"href":"https:\/\/atakumvinc.com\/index.php\/wp-json\/wp\/v2\/pages"}],"about":[{"href":"https:\/\/atakumvinc.com\/index.php\/wp-json\/wp\/v2\/types\/page"}],"author":[{"embeddable":true,"href":"https:\/\/atakumvinc.com\/index.php\/wp-json\/wp\/v2\/users\/1"}],"replies":[{"embeddable":true,"href":"https:\/\/atakumvinc.com\/index.php\/wp-json\/wp\/v2\/comments?post=9659"}],"version-history":[{"count":3,"href":"https:\/\/atakumvinc.com\/index.php\/wp-json\/wp\/v2\/pages\/9659\/revisions"}],"predecessor-version":[{"id":9675,"href":"https:\/\/atakumvinc.com\/index.php\/wp-json\/wp\/v2\/pages\/9659\/revisions\/9675"}],"wp:attachment":[{"href":"https:\/\/atakumvinc.com\/index.php\/wp-json\/wp\/v2\/media?parent=9659"}],"curies":[{"name":"wp","href":"https:\/\/api.w.org\/{rel}","templated":true}]}}