{"id":9663,"date":"2024-11-08T09:07:29","date_gmt":"2024-11-08T09:07:29","guid":{"rendered":"https:\/\/atakumvinc.com\/?page_id=9663"},"modified":"2024-11-08T09:10:27","modified_gmt":"2024-11-08T09:10:27","slug":"makasli-platform-kiralama","status":"publish","type":"page","link":"https:\/\/atakumvinc.com\/index.php\/makasli-platform-kiralama\/","title":{"rendered":"Makasl\u0131 Platform Kiralama"},"content":{"rendered":"<div class=\"wpb-content-wrapper\"><p>[vc_row css=&#8221;.vc_custom_1731056240995{margin-top: -20px !important;}&#8221; woodmart_css_id=&#8221;672dd26c0a0dc&#8221; responsive_spacing=&#8221;eyJwYXJhbV90eXBlIjoid29vZG1hcnRfcmVzcG9uc2l2ZV9zcGFjaW5nIiwic2VsZWN0b3JfaWQiOiI2NzJkZDI2YzBhMGRjIiwic2hvcnRjb2RlIjoidmNfcm93IiwiZGF0YSI6eyJ0YWJsZXQiOnt9LCJtb2JpbGUiOnt9fX0=&#8221; mobile_bg_img_hidden=&#8221;no&#8221; tablet_bg_img_hidden=&#8221;no&#8221; woodmart_parallax=&#8221;0&#8243; woodmart_gradient_switch=&#8221;no&#8221; woodmart_box_shadow=&#8221;no&#8221; wd_z_index=&#8221;no&#8221; woodmart_disable_overflow=&#8221;0&#8243; row_reverse_mobile=&#8221;0&#8243; row_reverse_tablet=&#8221;0&#8243;][vc_column][vc_column_text]<span style=\"vertical-align: inherit;\">[\/vc_column_text]\t\t\t<link rel=\"stylesheet\" id=\"wd-section-title-css\" href=\"https:\/\/atakumvinc.com\/wp-content\/themes\/woodmart\/css\/parts\/el-section-title.min.css?ver=7.4.3\" type=\"text\/css\" media=\"all\" \/> \t\t\t\t\t\t<link rel=\"stylesheet\" id=\"wd-mod-highlighted-text-css\" href=\"https:\/\/atakumvinc.com\/wp-content\/themes\/woodmart\/css\/parts\/mod-highlighted-text.min.css?ver=7.4.3\" type=\"text\/css\" media=\"all\" \/> \t\t\t\n\t\t<div id=\"wd-672dd4f06a40c\" class=\"title-wrapper wd-wpb set-mb-s reset-last-child  wd-rs-672dd4f06a40c wd-title-color-default wd-title-style-default text-center  wd-underline-colored\">\n\t\t\t\t\t\t\t<div class=\"title-subtitle  subtitle-color-default font-default subtitle-style-default wd-font-weight- wd-fontsize-xs\">Samsun Atakum\u2019da Profesyonel Vin\u00e7 Kiralama<\/div>\n\t\t\t\n\t\t\t<div class=\"liner-continer\">\n\t\t\t\t<h4 class=\"woodmart-title-container title  wd-font-weight- wd-fontsize-l\" >Makasl\u0131 Platform Kiralama<\/h4>\n\t\t\t\t\t\t\t<\/div>\n\t\t\t\n\t\t\t\t\t\t\t<div class=\"title-after_title  set-cont-mb-s reset-last-child  wd-fontsize-xs\">Atakum, Samsun\u2019da vin\u00e7, sepetli platform, makasl\u0131 platform, forklift ve manlift kiralama hizmetlerimizle projelerinizin g\u00fcc\u00fcne g\u00fc\u00e7 kat\u0131yoruz. Y\u00fcksek kalite ve g\u00fcvenli\u011fi \u00f6n planda tutarak, t\u00fcm platform ihtiya\u00e7lar\u0131n\u0131za en uygun \u00e7\u00f6z\u00fcmleri sunuyoruz.<\/div>\n\t\t\t\n\t\t\t\n\t\t<\/div>\n\t\t\n\t\t[\/vc_column][\/vc_row][vc_row][vc_column][vc_single_image image=&#8221;9673&#8243; img_size=&#8221;full&#8221; alignment=&#8221;center&#8221; style=&#8221;vc_box_shadow_3d&#8221; css=&#8221;&#8221; parallax_scroll=&#8221;hay\u0131r&#8221; woodmart_inline=&#8221;hay\u0131r&#8221;][\/vc_column][\/vc_row][vc_row][vc_column][vc_column_text]<\/span>[\/vc_column_text][vc_column_text css=&#8221;&#8221; woodmart_inline=&#8221;no&#8221; text_larger=&#8221;no&#8221;]Atakum ve Samsun Kirazl\u0131k Organize Sanayi B\u00f6lgesi\u2019nde sunulan makasl\u0131 platform kiralama hizmetimiz, y\u00fcksek ve zorlu alanlarda g\u00fcvenli \u00e7\u00f6z\u00fcmler sunar. Stabil yap\u0131s\u0131 ve geni\u015f y\u00fck kapasitesi sayesinde makasl\u0131 platformlar\u0131m\u0131z, \u00f6zellikle montaj, bak\u0131m ve onar\u0131m projelerinde rahatl\u0131kla kullan\u0131labilir. \u0130\u015flerinizi h\u0131zl\u0131 ve g\u00fcvenli bir \u015fekilde tamamlaman\u0131za yard\u0131mc\u0131 olacak makasl\u0131 platformlar\u0131m\u0131z ile \u00e7al\u0131\u015fma s\u00fcre\u00e7lerinizi daha verimli hale getiriyoruz.<\/p>\n<p>\u0130\u015f g\u00fcvenli\u011fi standartlar\u0131na uygun olarak d\u00fczenli bak\u0131mlar\u0131 yap\u0131lan makasl\u0131 platformlar\u0131m\u0131z, \u00e7al\u0131\u015fma s\u00fcre\u00e7lerinizi daha g\u00fcvenli ve etkili bir hale getirir. Teknik destek ekibimiz, i\u015f s\u00fcreciniz boyunca gerekli deste\u011fi sunarak m\u00fc\u015fteri memnuniyetini sa\u011flamay\u0131 ama\u00e7lar ve i\u015flerinizi sorunsuz bir \u015fekilde y\u00fcr\u00fctmenize yard\u0131mc\u0131 olur.[\/vc_column_text][\/vc_column][\/vc_row]<\/p>\n<\/div>","protected":false},"excerpt":{"rendered":"<p>[vc_row css=&#8221;.vc_custom_1731056240995{margin-top: -20px !important;}&#8221; woodmart_css_id=&#8221;672dd26c0a0dc&#8221; responsive_spacing=&#8221;eyJwYXJhbV90eXBlIjoid29vZG1hcnRfcmVzcG9uc2l2ZV9zcGFjaW5nIiwic2VsZWN0b3JfaWQiOiI2NzJkZDI2YzBhMGRjIiwic2hvcnRjb2RlIjoidmNfcm93IiwiZGF0YSI6eyJ0YWJsZXQiOnt9LCJtb2JpbGUiOnt9fX0=&#8221; mobile_bg_img_hidden=&#8221;no&#8221; tablet_bg_img_hidden=&#8221;no&#8221; woodmart_parallax=&#8221;0&#8243; woodmart_gradient_switch=&#8221;no&#8221; woodmart_box_shadow=&#8221;no&#8221; wd_z_index=&#8221;no&#8221; woodmart_disable_overflow=&#8221;0&#8243; row_reverse_mobile=&#8221;0&#8243; row_reverse_tablet=&#8221;0&#8243;][vc_column][vc_column_text][\/vc_column_text][\/vc_column][\/vc_row][vc_row][vc_column][vc_single_image image=&#8221;9673&#8243; img_size=&#8221;full&#8221; alignment=&#8221;center&#8221; style=&#8221;vc_box_shadow_3d&#8221; css=&#8221;&#8221;<\/p>\n","protected":false},"author":1,"featured_media":0,"parent":0,"menu_order":0,"comment_status":"closed","ping_status":"closed","template":"","meta":{"footnotes":""},"class_list":["post-9663","page","type-page","status-publish","hentry"],"_links":{"self":[{"href":"https:\/\/atakumvinc.com\/index.php\/wp-json\/wp\/v2\/pages\/9663","targetHints":{"allow":["GET"]}}],"collection":[{"href":"https:\/\/atakumvinc.com\/index.php\/wp-json\/wp\/v2\/pages"}],"about":[{"href":"https:\/\/atakumvinc.com\/index.php\/wp-json\/wp\/v2\/types\/page"}],"author":[{"embeddable":true,"href":"https:\/\/atakumvinc.com\/index.php\/wp-json\/wp\/v2\/users\/1"}],"replies":[{"embeddable":true,"href":"https:\/\/atakumvinc.com\/index.php\/wp-json\/wp\/v2\/comments?post=9663"}],"version-history":[{"count":3,"href":"https:\/\/atakumvinc.com\/index.php\/wp-json\/wp\/v2\/pages\/9663\/revisions"}],"predecessor-version":[{"id":9677,"href":"https:\/\/atakumvinc.com\/index.php\/wp-json\/wp\/v2\/pages\/9663\/revisions\/9677"}],"wp:attachment":[{"href":"https:\/\/atakumvinc.com\/index.php\/wp-json\/wp\/v2\/media?parent=9663"}],"curies":[{"name":"wp","href":"https:\/\/api.w.org\/{rel}","templated":true}]}}